{"id":23,"date":"2026-02-25T17:44:23","date_gmt":"2026-02-25T17:44:23","guid":{"rendered":"https:\/\/rekolekcjegorzno.pl\/?page_id=23"},"modified":"2026-04-19T11:53:23","modified_gmt":"2026-04-19T11:53:23","slug":"zapisy-na-rekolekcje-2026","status":"publish","type":"page","link":"https:\/\/rekolekcjegorzno.pl\/index.php\/zapisy-na-rekolekcje-2026\/","title":{"rendered":"Zapisy na rekolekcje 2026"},"content":{"rendered":"\n\n<div class=\"frm_forms  with_frm_style frm_style_styl-formidable\" id=\"frm_form_2_container\" data-token=\"5ec7e8d496cbeb8c6db128af2121d075\">\n<form enctype=\"multipart\/form-data\" method=\"post\" class=\"frm-show-form  frm_pro_form \" id=\"form_rejestracja\" data-token=\"5ec7e8d496cbeb8c6db128af2121d075\">\n<div class=\"frm_form_fields \">\n<fieldset>\n<legend class=\"frm_screen_reader\">Rejestracja<\/legend>\r\n\r\n<div class=\"frm_fields_container\">\n<input type=\"hidden\" name=\"frm_action\" value=\"create\" \/>\n<input type=\"hidden\" name=\"form_id\" value=\"2\" \/>\n<input type=\"hidden\" name=\"frm_hide_fields_2\" id=\"frm_hide_fields_2\" value=\"\" \/>\n<input type=\"hidden\" name=\"form_key\" value=\"rejestracja\" \/>\n<input type=\"hidden\" name=\"item_meta[0]\" value=\"\" \/>\n<input type=\"hidden\" id=\"frm_submit_entry_2\" name=\"frm_submit_entry_2\" value=\"68a1bd7d6c\" \/><input type=\"hidden\" name=\"_wp_http_referer\" value=\"\/index.php\/wp-json\/wp\/v2\/pages\/23\" \/><div id=\"frm_field_8_container\" class=\"frm_form_field form-field  frm_required_field frm_top_container\">\r\n\t<label for=\"field_c9vu2\" id=\"field_c9vu2_label\" class=\"frm_primary_label\">Imi\u0119 i Nazwisko (osoby zg\u0142aszaj\u0105cej na rekolekcje)\r\n\t\t<span class=\"frm_required\" aria-hidden=\"true\">*<\/span>\r\n\t<\/label>\r\n\t<input  type=\"text\" id=\"field_c9vu2\" name=\"item_meta[8]\" value=\"\"  data-reqmsg=\"Imi\u0119 i Nazwisko (osoby zg\u0142aszaj\u0105cej na rekolekcje) nie mo\u017ce by\u0107 puste.\" aria-required=\"true\" data-invmsg=\"Imi\u0119 i Nazwisko (osoby zg\u0142aszaj\u0105cej na rekolekcje) jest nieprawid\u0142owe\" aria-invalid=\"false\"   \/>\r\n\t\r\n\t\r\n<\/div>\n<div id=\"frm_field_29_container\" class=\"frm_form_field form-field  frm_required_field frm_top_container\">\r\n\t<label for=\"field_lj7me\" id=\"field_lj7me_label\" class=\"frm_primary_label\">Miejscowo\u015b\u0107\r\n\t\t<span class=\"frm_required\" aria-hidden=\"true\">*<\/span>\r\n\t<\/label>\r\n\t<input  type=\"text\" id=\"field_lj7me\" name=\"item_meta[29]\" value=\"\"  data-reqmsg=\"Miejscowo\u015b\u0107 nie mo\u017ce by\u0107 puste.\" aria-required=\"true\" data-invmsg=\"Miejscowo\u015b\u0107 jest nieprawid\u0142owe\" aria-invalid=\"false\"   \/>\r\n\t\r\n\t\r\n<\/div>\n<div id=\"frm_field_12_container\" class=\"frm_form_field form-field  frm_required_field frm_top_container frm12 frm_first vertical_radio\">\r\n\t<div  id=\"field_higgh_label\" class=\"frm_primary_label\">Miejsce zakwaterowania\r\n\t\t<span class=\"frm_required\" aria-hidden=\"true\">*<\/span>\r\n\t<\/div>\r\n\t<div class=\"frm_opt_container\" aria-labelledby=\"field_higgh_label\" role=\"radiogroup\" aria-required=\"true\">\t\t<div class=\"frm_radio\" id=\"frm_radio_12-0\">\t\t\t<label  for=\"field_higgh-0\">\n\t\t\t\t\t<input type=\"radio\" name=\"item_meta[12]\" id=\"field_higgh-0\" value=\"Pole namiotowe \u015bw. Teresy od Dzieci\u0105tka Jezus\"\n\t\t data-reqmsg=\"Miejsce zakwaterowania nie mo\u017ce by\u0107 puste.\" data-invmsg=\"Miejsce zakwaterowania jest nieprawid\u0142owe\"   \/> Pole namiotowe \u015bw. Teresy od Dzieci\u0105tka Jezus<\/label><\/div>\n\t\t<div class=\"frm_radio\" id=\"frm_radio_12-1\">\t\t\t<label  for=\"field_higgh-1\">\n\t\t\t\t\t<input type=\"radio\" name=\"item_meta[12]\" id=\"field_higgh-1\" value=\"Liceum Katolickie w G\u00f3rznie\"\n\t\t data-reqmsg=\"Miejsce zakwaterowania nie mo\u017ce by\u0107 puste.\" data-invmsg=\"Miejsce zakwaterowania jest nieprawid\u0142owe\"   \/> Liceum Katolickie w G\u00f3rznie<\/label><\/div>\n\t\t<div class=\"frm_radio\" id=\"frm_radio_12-2\">\t\t\t<label  for=\"field_higgh-2\">\n\t\t\t\t\t<input type=\"radio\" name=\"item_meta[12]\" id=\"field_higgh-2\" value=\"Kwatery prywatne\"\n\t\t data-reqmsg=\"Miejsce zakwaterowania nie mo\u017ce by\u0107 puste.\" data-invmsg=\"Miejsce zakwaterowania jest nieprawid\u0142owe\"   \/> Kwatery prywatne<\/label><\/div>\n<\/div>\r\n\t\r\n\t\r\n<\/div>\n<div id=\"frm_field_25_container\" class=\"frm_form_field form-field  frm_top_container frm12 frm_first vertical_radio\">\r\n\t<div  id=\"field_c06nr_label\" class=\"frm_primary_label\">Rodzaj zakwaterowania na polu namiotowym\r\n\t\t<span class=\"frm_required\" aria-hidden=\"true\"><\/span>\r\n\t<\/div>\r\n\t<div class=\"frm_opt_container\" aria-labelledby=\"field_c06nr_label\" role=\"radiogroup\">\t\t<div class=\"frm_radio\" id=\"frm_radio_25-0\">\t\t\t<label  for=\"field_c06nr-0\">\n\t\t\t\t\t<input type=\"radio\" name=\"item_meta[25]\" id=\"field_c06nr-0\" value=\"Namiot\"\n\t\t data-invmsg=\"Rodzaj zakwaterowania na polu namiotowym jest nieprawid\u0142owe\"   \/> Namiot<\/label><\/div>\n\t\t<div class=\"frm_radio\" id=\"frm_radio_25-1\">\t\t\t<label  for=\"field_c06nr-1\">\n\t\t\t\t\t<input type=\"radio\" name=\"item_meta[25]\" id=\"field_c06nr-1\" value=\"Przyczepa kempingowa\"\n\t\t data-invmsg=\"Rodzaj zakwaterowania na polu namiotowym jest nieprawid\u0142owe\"   \/> Przyczepa kempingowa<\/label><\/div>\n\t\t<div class=\"frm_radio\" id=\"frm_radio_25-2\">\t\t\t<label  for=\"field_c06nr-2\">\n\t\t\t\t\t<input type=\"radio\" name=\"item_meta[25]\" id=\"field_c06nr-2\" value=\"Kamper\"\n\t\t data-invmsg=\"Rodzaj zakwaterowania na polu namiotowym jest nieprawid\u0142owe\"   \/> Kamper<\/label><\/div>\n<\/div>\r\n\t\r\n\t\r\n<\/div>\n<div id=\"frm_field_16_container\" class=\"frm_form_field form-field  frm_required_field frm_top_container\">\r\n\t<label for=\"field_pymlv\" id=\"field_pymlv_label\" class=\"frm_primary_label\">Liczba zg\u0142aszanych uczestnik\u00f3w rekolekcji\r\n\t\t<span class=\"frm_required\" aria-hidden=\"true\">*<\/span>\r\n\t<\/label>\r\n\t<input type=\"number\" id=\"field_pymlv\" name=\"item_meta[16]\" value=\"\" data-reqmsg=\"Liczba zg\u0142aszanych uczestnik\u00f3w rekolekcji nie mo\u017ce by\u0107 puste.\" aria-required=\"true\" data-invmsg=\"Liczba zg\u0142aszanych uczestnik\u00f3w rekolekcji jest nieprawid\u0142owe\" aria-invalid=\"false\"   min=\"0\" max=\"10\" step=\"any\" \/>\r\n\t\r\n\t\r\n<\/div>\n<div id=\"frm_field_19_container\" class=\"frm_form_field form-field  frm_required_field frm_top_container\">\r\n\t<label for=\"field_hmvat\" id=\"field_hmvat_label\" class=\"frm_primary_label\">Liczba doros\u0142ych uczestnik\u00f3w (uczestnicz\u0105cych w naukach rekolekcyjnych Ojca Rekolekcjonisty) \r\n\t\t<span class=\"frm_required\" aria-hidden=\"true\">*<\/span>\r\n\t<\/label>\r\n\t<input type=\"number\" id=\"field_hmvat\" name=\"item_meta[19]\" value=\"\" data-reqmsg=\"Liczba doros\u0142ych uczestnik\u00f3w (uczestnicz\u0105cych w naukach rekolekcyjnych Ojca Rekolekcjonisty)  nie mo\u017ce by\u0107 puste.\" aria-required=\"true\" data-invmsg=\"Liczba doros\u0142ych uczestnik\u00f3w (uczestnicz\u0105cych w naukach rekolekcyjnych Ojca Rekolekcjonisty)  jest nieprawid\u0142owe\" aria-invalid=\"false\"   min=\"0\" max=\"10\" step=\"any\" \/>\r\n\t\r\n\t\r\n<\/div>\n<div id=\"frm_field_17_container\" class=\"frm_form_field form-field  frm_required_field frm_top_container\">\r\n\t<label for=\"field_3e7pb\" id=\"field_3e7pb_label\" class=\"frm_primary_label\">Liczba dzieci w wieku od 6 do 14 lat (uczestnicz\u0105cych w katechizacji - Siostry Terezjanki))\r\n\t\t<span class=\"frm_required\" aria-hidden=\"true\">*<\/span>\r\n\t<\/label>\r\n\t<input type=\"number\" id=\"field_3e7pb\" name=\"item_meta[17]\" value=\"\" data-reqmsg=\"Liczba dzieci w wieku od 6 do 14 lat (uczestnicz\u0105cych w katechizacji - Siostry Terezjanki)) nie mo\u017ce by\u0107 puste.\" aria-required=\"true\" data-invmsg=\"Liczba dzieci w wieku od 6 do 14 lat (uczestnicz\u0105cych w katechizacji - Siostry Terezjanki)) jest nieprawid\u0142owe\" aria-invalid=\"false\"   min=\"0\" max=\"9999999\" step=\"any\" \/>\r\n\t\r\n\t\r\n<\/div>\n<div id=\"frm_field_23_container\" class=\"frm_form_field form-field  frm_required_field frm_top_container vertical_radio\">\r\n\t<div  id=\"field_gcuoq_label\" class=\"frm_primary_label\">Wiek dzieci w wieku od 6 do 14 lat (uczestnicz\u0105cych w katechizacji - Siostry Terezjanki)\r\n\t\t<span class=\"frm_required\" aria-hidden=\"true\">*<\/span>\r\n\t<\/div>\r\n\t<div class=\"frm_opt_container\" aria-labelledby=\"field_gcuoq_label\" role=\"group\">\t\t<div class=\"frm_checkbox\" id=\"frm_checkbox_23-2\">\t\t\t<label  for=\"field_gcuoq-2\">\n\t\t\t<input type=\"checkbox\" name=\"item_meta[23][]\" id=\"field_gcuoq-2\" value=\"6 lat\"  data-reqmsg=\"Wiek dzieci w wieku od 6 do 14 lat (uczestnicz\u0105cych w katechizacji - Siostry Terezjanki) nie mo\u017ce by\u0107 puste.\" data-invmsg=\"Wiek dzieci w wieku od 6 do 14 lat (uczestnicz\u0105cych w katechizacji - Siostry Terezjanki) jest nieprawid\u0142owe\"   aria-required=\"true\"  \/> 6 lat<\/label><\/div>\n\t\t<div class=\"frm_checkbox\" id=\"frm_checkbox_23-9\">\t\t\t<label  for=\"field_gcuoq-9\">\n\t\t\t<input type=\"checkbox\" name=\"item_meta[23][]\" id=\"field_gcuoq-9\" value=\"7 lat\"  data-reqmsg=\"Wiek dzieci w wieku od 6 do 14 lat (uczestnicz\u0105cych w katechizacji - Siostry Terezjanki) nie mo\u017ce by\u0107 puste.\" data-invmsg=\"Wiek dzieci w wieku od 6 do 14 lat (uczestnicz\u0105cych w katechizacji - Siostry Terezjanki) jest nieprawid\u0142owe\"   \/> 7 lat<\/label><\/div>\n\t\t<div class=\"frm_checkbox\" id=\"frm_checkbox_23-8\">\t\t\t<label  for=\"field_gcuoq-8\">\n\t\t\t<input type=\"checkbox\" name=\"item_meta[23][]\" id=\"field_gcuoq-8\" value=\"8 lat\"  data-reqmsg=\"Wiek dzieci w wieku od 6 do 14 lat (uczestnicz\u0105cych w katechizacji - Siostry Terezjanki) nie mo\u017ce by\u0107 puste.\" data-invmsg=\"Wiek dzieci w wieku od 6 do 14 lat (uczestnicz\u0105cych w katechizacji - Siostry Terezjanki) jest nieprawid\u0142owe\"   \/> 8 lat<\/label><\/div>\n\t\t<div class=\"frm_checkbox\" id=\"frm_checkbox_23-7\">\t\t\t<label  for=\"field_gcuoq-7\">\n\t\t\t<input type=\"checkbox\" name=\"item_meta[23][]\" id=\"field_gcuoq-7\" value=\"9 lat\"  data-reqmsg=\"Wiek dzieci w wieku od 6 do 14 lat (uczestnicz\u0105cych w katechizacji - Siostry Terezjanki) nie mo\u017ce by\u0107 puste.\" data-invmsg=\"Wiek dzieci w wieku od 6 do 14 lat (uczestnicz\u0105cych w katechizacji - Siostry Terezjanki) jest nieprawid\u0142owe\"   \/> 9 lat<\/label><\/div>\n\t\t<div class=\"frm_checkbox\" id=\"frm_checkbox_23-6\">\t\t\t<label  for=\"field_gcuoq-6\">\n\t\t\t<input type=\"checkbox\" name=\"item_meta[23][]\" id=\"field_gcuoq-6\" value=\"10 lat\"  data-reqmsg=\"Wiek dzieci w wieku od 6 do 14 lat (uczestnicz\u0105cych w katechizacji - Siostry Terezjanki) nie mo\u017ce by\u0107 puste.\" data-invmsg=\"Wiek dzieci w wieku od 6 do 14 lat (uczestnicz\u0105cych w katechizacji - Siostry Terezjanki) jest nieprawid\u0142owe\"   \/> 10 lat<\/label><\/div>\n\t\t<div class=\"frm_checkbox\" id=\"frm_checkbox_23-5\">\t\t\t<label  for=\"field_gcuoq-5\">\n\t\t\t<input type=\"checkbox\" name=\"item_meta[23][]\" id=\"field_gcuoq-5\" value=\"11 lat\"  data-reqmsg=\"Wiek dzieci w wieku od 6 do 14 lat (uczestnicz\u0105cych w katechizacji - Siostry Terezjanki) nie mo\u017ce by\u0107 puste.\" data-invmsg=\"Wiek dzieci w wieku od 6 do 14 lat (uczestnicz\u0105cych w katechizacji - Siostry Terezjanki) jest nieprawid\u0142owe\"   \/> 11 lat<\/label><\/div>\n\t\t<div class=\"frm_checkbox\" id=\"frm_checkbox_23-4\">\t\t\t<label  for=\"field_gcuoq-4\">\n\t\t\t<input type=\"checkbox\" name=\"item_meta[23][]\" id=\"field_gcuoq-4\" value=\"12 lat\"  data-reqmsg=\"Wiek dzieci w wieku od 6 do 14 lat (uczestnicz\u0105cych w katechizacji - Siostry Terezjanki) nie mo\u017ce by\u0107 puste.\" data-invmsg=\"Wiek dzieci w wieku od 6 do 14 lat (uczestnicz\u0105cych w katechizacji - Siostry Terezjanki) jest nieprawid\u0142owe\"   \/> 12 lat<\/label><\/div>\n\t\t<div class=\"frm_checkbox\" id=\"frm_checkbox_23-1\">\t\t\t<label  for=\"field_gcuoq-1\">\n\t\t\t<input type=\"checkbox\" name=\"item_meta[23][]\" id=\"field_gcuoq-1\" value=\"13 lat\"  data-reqmsg=\"Wiek dzieci w wieku od 6 do 14 lat (uczestnicz\u0105cych w katechizacji - Siostry Terezjanki) nie mo\u017ce by\u0107 puste.\" data-invmsg=\"Wiek dzieci w wieku od 6 do 14 lat (uczestnicz\u0105cych w katechizacji - Siostry Terezjanki) jest nieprawid\u0142owe\"   \/> 13 lat<\/label><\/div>\n\t\t<div class=\"frm_checkbox\" id=\"frm_checkbox_23-0\">\t\t\t<label  for=\"field_gcuoq-0\">\n\t\t\t<input type=\"checkbox\" name=\"item_meta[23][]\" id=\"field_gcuoq-0\" value=\"14 lat\"  data-reqmsg=\"Wiek dzieci w wieku od 6 do 14 lat (uczestnicz\u0105cych w katechizacji - Siostry Terezjanki) nie mo\u017ce by\u0107 puste.\" data-invmsg=\"Wiek dzieci w wieku od 6 do 14 lat (uczestnicz\u0105cych w katechizacji - Siostry Terezjanki) jest nieprawid\u0142owe\"   \/> 14 lat<\/label><\/div>\n<\/div>\r\n\t\r\n\t\r\n<\/div>\n<div id=\"frm_field_10_container\" class=\"frm_form_field form-field  frm_required_field frm_top_container\">\r\n\t<label for=\"field_zl5zs\" id=\"field_zl5zs_label\" class=\"frm_primary_label\">E-mail (osoby zg\u0142aszaj\u0105cej na rekolekcje)\r\n\t\t<span class=\"frm_required\" aria-hidden=\"true\">*<\/span>\r\n\t<\/label>\r\n\t<input type=\"email\" id=\"field_zl5zs\" name=\"item_meta[10]\" value=\"\"  data-reqmsg=\"E-mail (osoby zg\u0142aszaj\u0105cej na rekolekcje) nie mo\u017ce by\u0107 puste.\" aria-required=\"true\" data-invmsg=\"E-mail (osoby zg\u0142aszaj\u0105cej na rekolekcje) jest nieprawid\u0142owe\" aria-invalid=\"false\"  \/>\r\n\t\r\n\t\r\n<\/div>\n<div id=\"frm_field_31_container\" class=\"frm_form_field form-field  frm_required_field frm_top_container\">\r\n\t<label for=\"field_fyfbp\" id=\"field_fyfbp_label\" class=\"frm_primary_label\">Telefon kontaktowy (osoby zg\u0142aszaj\u0105cej na rekolekcje)\r\n\t\t<span class=\"frm_required\" aria-hidden=\"true\">*<\/span>\r\n\t<\/label>\r\n\t<input type=\"number\" id=\"field_fyfbp\" name=\"item_meta[31]\" value=\"\" data-reqmsg=\"Telefon kontaktowy (osoby zg\u0142aszaj\u0105cej na rekolekcje) nie mo\u017ce by\u0107 puste.\" aria-required=\"true\" data-invmsg=\"Telefon kontaktowy (osoby zg\u0142aszaj\u0105cej na rekolekcje) jest nieprawid\u0142owe\" aria-invalid=\"false\"   min=\"1\" max=\"11000000000\" step=\"any\" \/>\r\n\t\r\n\t\r\n<\/div>\n\t\t<input  type=\"hidden\" name=\"item_meta[11]\" id=\"field_htnir\" value=\"nie\"  data-frmval=\"nie\"   \/>\n\t\t<div id=\"frm_field_14_container\" class=\"frm_form_field form-field  frm_required_field frm_top_container vertical_radio\">\r\n\t<div  id=\"field_cpfxu_label\" class=\"frm_primary_label\">Regulamin Rekolekcji 2026\r\n\t\t<span class=\"frm_required\" aria-hidden=\"true\">*<\/span>\r\n\t<\/div>\r\n\t<div class=\"frm_opt_container\" aria-labelledby=\"field_cpfxu_label\" role=\"group\">\t\t<div class=\"frm_checkbox\" id=\"frm_checkbox_14-0\">\t\t\t<label  for=\"field_cpfxu-0\">\n\t\t\t<input type=\"checkbox\" name=\"item_meta[14][]\" id=\"field_cpfxu-0\" value=\"Potwierdzam zapoznanie si\u0119 z Regulaminem\"  data-reqmsg=\"Regulamin Rekolekcji 2026 nie mo\u017ce by\u0107 puste.\" data-invmsg=\"Regulamin Rekolekcji 2026 jest nieprawid\u0142owe\"   aria-required=\"true\"  \/> Potwierdzam zapoznanie si\u0119 z Regulaminem<\/label><\/div>\n<\/div>\r\n\t\r\n\t\r\n<\/div>\n<div id=\"frm_field_15_container\" class=\"frm_form_field form-field  frm_required_field frm_top_container vertical_radio\">\r\n\t<div  id=\"field_gpyij_label\" class=\"frm_primary_label\">Klauzula informacyjna RODO\r\n\t\t<span class=\"frm_required\" aria-hidden=\"true\">*<\/span>\r\n\t<\/div>\r\n\t<div class=\"frm_opt_container\" aria-labelledby=\"field_gpyij_label\" role=\"group\">\t\t<div class=\"frm_checkbox\" id=\"frm_checkbox_15-0\">\t\t\t<label  for=\"field_gpyij-0\">\n\t\t\t<input type=\"checkbox\" name=\"item_meta[15][]\" id=\"field_gpyij-0\" value=\"Potwierdzam zapoznanie si\u0119 z klauzul\u0105 RODO\"  data-reqmsg=\"Klauzula informacyjna RODO nie mo\u017ce by\u0107 puste.\" data-invmsg=\"Klauzula informacyjna RODO jest nieprawid\u0142owe\"   aria-required=\"true\"  \/> Potwierdzam zapoznanie si\u0119 z klauzul\u0105 RODO<\/label><\/div>\n<\/div>\r\n\t\r\n\t\r\n<\/div>\n<div id=\"frm_field_7_container\" class=\"frm_form_field form-field \">\r\n\t<div class=\"frm_submit frm_flex\">\r\n<button class=\"frm_button_submit frm_final_submit\" type=\"submit\"   formnovalidate=\"formnovalidate\">Wy\u015blij<\/button>\r\n\r\n\r\n\r\n<\/div>\r\n<\/div>\n\t<input type=\"hidden\" name=\"item_key\" value=\"\" \/>\n\t\t\t<div id=\"frm_field_32_container\">\n\t\t\t<label for=\"field_r7pt7\" >\n\t\t\t\tJe\u017celi jeste\u015b cz\u0142owiekiem, zostaw to pole puste.\t\t\t<\/label>\n\t\t\t<input  id=\"field_r7pt7\" type=\"text\" class=\"frm_form_field form-field frm_verify\" name=\"item_meta[32]\" value=\"\"  \/>\n\t\t<\/div>\n\t\t<input name=\"frm_state\" type=\"hidden\" value=\"clB29ac64iN+3ba6hp\/v7ksU780LLpVYzvIgDyD8xkinoSYtFFxdpmTCNkHVxBBj\" \/><\/div>\n<\/fieldset>\n<\/div>\n\n<\/form>\n<\/div>\n\n\n\n\n<p>Informacje:<\/p>\n\n\n\n<p><a href=\"http:\/\/rekolekcjegorzno.pl\/wp-content\/uploads\/2026\/04\/Regulamin_rekolekcji_Gorzno_2026_18_04_2026.pdf\" data-type=\"attachment\" data-id=\"616\" target=\"_blank\" rel=\"noreferrer noopener\">Regulamin Rekolekcji 2026<\/a><\/p>\n\n\n\n<p><a href=\"http:\/\/rekolekcjegorzno.pl\/wp-content\/uploads\/2026\/04\/Klauzula_informacyjna_RODO_Rekolekcje_2026_18_04_2026.pdf\" data-type=\"link\" data-id=\"http:\/\/rekolekcjegorzno.pl\/wp-content\/uploads\/2026\/04\/Klauzula_informacyjna_RODO_Rekolekcje_2026_18_04_2026.pdf\" target=\"_blank\" rel=\"noreferrer noopener\">Klauzula informacyjna RODO<\/a><\/p>\n\n\n\n<p><\/p>\n","protected":false},"excerpt":{"rendered":"<p>Informacje: Regulamin Rekolekcji 2026 Klauzula informacyjna RODO<\/p>\n","protected":false},"author":1,"featured_media":0,"parent":0,"menu_order":0,"comment_status":"closed","ping_status":"closed","template":"","meta":{"saved_in_kubio":false,"footnotes":""},"class_list":["post-23","page","type-page","status-publish","hentry"],"kubio_ai_page_context":{"short_desc":"","purpose":"general"},"_links":{"self":[{"href":"https:\/\/rekolekcjegorzno.pl\/index.php\/wp-json\/wp\/v2\/pages\/23","targetHints":{"allow":["GET"]}}],"collection":[{"href":"https:\/\/rekolekcjegorzno.pl\/index.php\/wp-json\/wp\/v2\/pages"}],"about":[{"href":"https:\/\/rekolekcjegorzno.pl\/index.php\/wp-json\/wp\/v2\/types\/page"}],"author":[{"embeddable":true,"href":"https:\/\/rekolekcjegorzno.pl\/index.php\/wp-json\/wp\/v2\/users\/1"}],"replies":[{"embeddable":true,"href":"https:\/\/rekolekcjegorzno.pl\/index.php\/wp-json\/wp\/v2\/comments?post=23"}],"version-history":[{"count":9,"href":"https:\/\/rekolekcjegorzno.pl\/index.php\/wp-json\/wp\/v2\/pages\/23\/revisions"}],"predecessor-version":[{"id":910,"href":"https:\/\/rekolekcjegorzno.pl\/index.php\/wp-json\/wp\/v2\/pages\/23\/revisions\/910"}],"wp:attachment":[{"href":"https:\/\/rekolekcjegorzno.pl\/index.php\/wp-json\/wp\/v2\/media?parent=23"}],"curies":[{"name":"wp","href":"https:\/\/api.w.org\/{rel}","templated":true}]}}