{"id":216,"date":"2026-02-26T12:50:18","date_gmt":"2026-02-26T12:50:18","guid":{"rendered":"https:\/\/rekolekcjegorzno.pl\/?page_id=216"},"modified":"2026-02-27T17:49:50","modified_gmt":"2026-02-27T17:49:50","slug":"poradnik-kempingowy","status":"publish","type":"page","link":"https:\/\/rekolekcjegorzno.pl\/index.php\/poradnik-kempingowy\/","title":{"rendered":"Poradnik kempingowy"},"content":{"rendered":"\n<p>PORADNIK KEMPINGOWY \u2013 G\u00d3RZNO 2026<\/p>\n\n\n\n<p><strong>Korzystanie z zakwaterowania na polu namiotowym jest najta\u0144sz\u0105 form\u0105 noclegu.<\/strong> W\u015br\u00f3d os\u00f3b, kt\u00f3re przyje\u017cd\u017caj\u0105 na Pole Namiotowe pw. \u015aw. Teresy od Dzieci\u0105tka Jezus w G\u00f3rznie s\u0105 tacy, kt\u00f3rzy p\u00f3\u0142 wakacji sp\u0119dzaj\u0105 na polach kempingowych, a \u017cycie pod namiotem lub w przyczepie b\u0105d\u017a kamperze nie ma dla nich tajemnic. Je\u015bli za\u015b jedziecie pierwszy raz, przygotowali\u015bmy dla Was ma\u0142y poradnik kempingowy, aby\u015bcie jad\u0105c na Rekolekcje nie martwili si\u0119, \u017ce o czym\u015b zapomnicie.<\/p>\n\n\n\n<p>Listy do pakowania na pole namiotowe b\u0119d\u0105 inne, w zale\u017cno\u015bci od Waszej sytuacji \u017cyciowej czy rodzinnej, od tego, czy wybieracie wyjazd pod namiot czy z przyczep\u0105 lub kamperem. Zatem, co warto przygotowa\u0107 na wyjazd? <strong>W wersji podstawowej; namiot, karimata, \u015bpiw\u00f3r oraz rzeczy osobiste. W przypadku gdy wybieracie si\u0119 wi\u0119ksz\u0105 ekip\u0105 a szczeg\u00f3lnie z gromad\u0105 ma\u0142ych dzieci to sprawa staje si\u0119 bardziej wymagaj\u0105ca.<\/strong> Skorzystajcie z poni\u017cszych podpowiedzi, aby przygotowa\u0107 w\u0142asn\u0105 list\u0119 tego co zabra\u0107 ze sob\u0105. Potraktujcie to jako wskaz\u00f3wk\u0119 i sami we\u017acie to, czego b\u0119dziecie potrzebowa\u0107 najbardziej.<\/p>\n\n\n\n<p><strong>NAMIOT:<\/strong> co\u015b do spania (np. materace+pompka\/karimaty\/\u0142\u00f3\u017cka polowe lub maty samopompuj\u0105ce), koce i kocyki, poszewki na ja\u015bki (wype\u0142nione bluz\u0105) lub je\u015bli macie miejsce komplet poduszek, prze\u015bcierad\u0142o, \u015bpiwory (niekt\u00f3rzy preferuj\u0105 spanie pod zwyk\u0142\u0105 po\u015bciel\u0105), przed\u0142u\u017cacz do pr\u0105du (im d\u0142u\u017cszy tym lepszy), czajnik, lampki o\u015bwietleniowe (zar\u00f3wno te u\u017cyteczne, jak i te tworz\u0105ce klimat), zapas baterii, latarki np. latarka czo\u0142owa, szczotka, szufelka, sznurek na pranie i spinacze do bielizny, zmywak, druciak, p\u0142yn do mycia naczy\u0144, miski, suszarka do naczy\u0144, szafki campingowe lub pud\u0142a plastikowe do przechowywania rzeczy, stolik, krzese\u0142ka turystyczne, kuchenka gazowa lub elektryczna, kartusze, zapa\u0142ki, sztu\u0107ce, \u0142y\u017cka wazowa, no\u017ce, deska do krojenia, otwieracz do konserw i butelek, pojemniki na \u017cywno\u015b\u0107, kubki, kubeczki, talerze (plastikowe, jednorazowe), serwetki, \u015bcierki, filtr do wody i dzbanek, garnki, patelnia, omnia.<\/p>\n\n\n\n<p><strong>RZECZY PLA\u017bOWE:<\/strong> r\u0119czniki szybkoschn\u0105ce, krem uv, buty do wody\/klapki pla\u017cowe, koce, szlafroki\/poncha do okrycia, czapki od s\u0142o\u0144ca, hamak, okularki i maski do p\u0142ywania, stroje k\u0105pielowe, zabawki do piasku, pi\u0142ka, rzutki, bule i inne gry, kt\u00f3re przydadz\u0105 si\u0119 na pla\u017cy.<\/p>\n\n\n\n<p><strong>UBI\u00d3R:<\/strong> ubrania termiczne do spania (sierpniowe noce w Polsce niekoniecznie s\u0105 gor\u0105ce), kurtki, polary i bluzy, spodnie i sp\u00f3dnice, bielizna osobista z zapasem kilku par skarpet na przemoczenie, str\u00f3j do ko\u015bcio\u0142a, buty (kilka par np. adidasy, eleganckie, kalosze, klapki pod prysznic), rzeczy od deszczu, koszulki.<\/p>\n\n\n\n<p><strong>KOSMETYKI i HIGIENA:<\/strong> golarki i \u0142adowarki, kosmetyki, gumki do w\u0142os\u00f3w, szczotki do w\u0142os\u00f3w, szczoteczki do z\u0119b\u00f3w, \u017cele pod prysznic i szampon, chusteczki dzieci\u0119ce, chusteczki higieniczne, podpaski, papier toaletowy, no\u017cyczki do paznokci, nocnik i pampersy, suszarka do w\u0142os\u00f3w, kosmetyki kolorowe, dezodoranty, kremy, woda toaletowa, r\u0119czniki.<\/p>\n\n\n\n<p><strong>PRZYDATNE:<\/strong> leki, \u015brodki opatrunkowe, rzeczy od komar\u00f3w i kleszczy, ig\u0142y i nitki, parasole i rzeczy od deszczu, dokumenty, proszek do prania i odplamiacz, zabawki, gry, materia\u0142y plastyczne i kartki, lektura dla ma\u0142ych i du\u017cych, lornetka, worki na \u015bmieci, worki\/pojemniki na brudne rzeczy.<\/p>\n\n\n\n<p>Zaopatrzenia spo\u017cywczego za Was nie rozplanujemy, ale kawa, herbata, cukier, s\u00f3l, przek\u0105ski, rzeczy \u015bniadaniowe to warto sobie zaplanowa\u0107. Podobnie wygl\u0105da kwestia, gdy planujesz wyjazd z przyczep\u0105 lub kamperem, cho\u0107 lista rzeczy do spakowania b\u0119dzie inna. Mo\u017cesz zabra\u0107 mniej rzeczy, zw\u0142aszcza jak przyczep\u0119 czy kampera pakujesz raz na sezon, a potem uzupe\u0142niasz zapasy.<\/p>\n\n\n\n<p><strong>Pami\u0119taj, \u017ce Rekolekcje, opr\u00f3cz letniej, biwakowej atmosfery integracji, jest miejscem spotkania z Bogiem.<\/strong> Liturgia sprawowana w ko\u015bciele parafialnym w G\u00f3rznie wymaga, by st\u00f3j by\u0142 skromny, godny i od\u015bwi\u0119tny.<\/p>\n","protected":false},"excerpt":{"rendered":"<p>PORADNIK KEMPINGOWY \u2013 G\u00d3RZNO 2026 Korzystanie z zakwaterowania na polu namiotowym jest najta\u0144sz\u0105 form\u0105 noclegu. W\u015br\u00f3d os\u00f3b, kt\u00f3re przyje\u017cd\u017caj\u0105 na Pole Namiotowe pw. \u015aw. Teresy od Dzieci\u0105tka Jezus w G\u00f3rznie s\u0105 tacy, kt\u00f3rzy p\u00f3\u0142 wakacji sp\u0119dzaj\u0105 na polach kempingowych, a \u017cycie pod namiotem lub w przyczepie b\u0105d\u017a kamperze nie ma dla nich tajemnic. Je\u015bli za\u015b [&hellip;]<\/p>\n","protected":false},"author":1,"featured_media":0,"parent":0,"menu_order":0,"comment_status":"closed","ping_status":"closed","template":"","meta":{"saved_in_kubio":false,"footnotes":""},"class_list":["post-216","page","type-page","status-publish","hentry"],"kubio_ai_page_context":{"short_desc":"","purpose":"general"},"_links":{"self":[{"href":"https:\/\/rekolekcjegorzno.pl\/index.php\/wp-json\/wp\/v2\/pages\/216","targetHints":{"allow":["GET"]}}],"collection":[{"href":"https:\/\/rekolekcjegorzno.pl\/index.php\/wp-json\/wp\/v2\/pages"}],"about":[{"href":"https:\/\/rekolekcjegorzno.pl\/index.php\/wp-json\/wp\/v2\/types\/page"}],"author":[{"embeddable":true,"href":"https:\/\/rekolekcjegorzno.pl\/index.php\/wp-json\/wp\/v2\/users\/1"}],"replies":[{"embeddable":true,"href":"https:\/\/rekolekcjegorzno.pl\/index.php\/wp-json\/wp\/v2\/comments?post=216"}],"version-history":[{"count":3,"href":"https:\/\/rekolekcjegorzno.pl\/index.php\/wp-json\/wp\/v2\/pages\/216\/revisions"}],"predecessor-version":[{"id":574,"href":"https:\/\/rekolekcjegorzno.pl\/index.php\/wp-json\/wp\/v2\/pages\/216\/revisions\/574"}],"wp:attachment":[{"href":"https:\/\/rekolekcjegorzno.pl\/index.php\/wp-json\/wp\/v2\/media?parent=216"}],"curies":[{"name":"wp","href":"https:\/\/api.w.org\/{rel}","templated":true}]}}