{"id":214,"date":"2026-02-26T12:49:52","date_gmt":"2026-02-26T12:49:52","guid":{"rendered":"https:\/\/rekolekcjegorzno.pl\/?page_id=214"},"modified":"2026-03-04T16:34:12","modified_gmt":"2026-03-04T16:34:12","slug":"atrakcje-turystyczne","status":"publish","type":"page","link":"https:\/\/rekolekcjegorzno.pl\/index.php\/atrakcje-turystyczne\/","title":{"rendered":"Atrakcje turystyczne"},"content":{"rendered":"\n<p>G\u00f3rzno po\u0142o\u017cone jest na terenie G\u00f3rznie\u0144sko-Lidzbarskiego Parku Krajobrazowego obfituj\u0105cego w liczne atrakcje turystyczne, mi\u0119dzy innymi: Lidzbarsk\u0105 Kolej Drezynow\u0105, Zesp\u00f3\u0142 Wodno-Parkowy w Brzoziu, Ku\u017ani\u0119 w Zaborowie, wiosk\u0119 mydlarsk\u0105 we Fia\u0142kach, tor tubingowy w Ma\u0142ym Le\u017anie, m\u0142yn wodny nad Jeziorem Wapionka, liczne \u015bcie\u017cki i trasy turystyczne na terenie Parku. Wi\u0119cej informacji na ten temat: <a href=\"https:\/\/parki.kujawsko-pomorskie.pl\/glpk\/turystyka\/warto-zobaczyc\">https:\/\/parki.kujawsko-pomorskie.pl\/glpk\/turystyka\/warto-zobaczyc<\/a> .<\/p>\n\n\n\n<figure class=\"wp-block-image size-large\"><img loading=\"lazy\" decoding=\"async\" width=\"1024\" height=\"683\" src=\"https:\/\/rekolekcjegorzno.pl\/wp-content\/uploads\/2026\/03\/DSC07567-1024x683.jpg\" alt=\"\" class=\"wp-image-621\" srcset=\"https:\/\/rekolekcjegorzno.pl\/wp-content\/uploads\/2026\/03\/DSC07567-1024x683.jpg 1024w, https:\/\/rekolekcjegorzno.pl\/wp-content\/uploads\/2026\/03\/DSC07567-300x200.jpg 300w, https:\/\/rekolekcjegorzno.pl\/wp-content\/uploads\/2026\/03\/DSC07567-768x512.jpg 768w, https:\/\/rekolekcjegorzno.pl\/wp-content\/uploads\/2026\/03\/DSC07567-1536x1024.jpg 1536w, https:\/\/rekolekcjegorzno.pl\/wp-content\/uploads\/2026\/03\/DSC07567-2048x1365.jpg 2048w, https:\/\/rekolekcjegorzno.pl\/wp-content\/uploads\/2026\/03\/DSC07567-1620x1080.jpg 1620w\" sizes=\"(max-width: 1024px) 100vw, 1024px\" \/><\/figure>\n\n\n\n<p>Na terenie samego G\u00f3rzna znajduje si\u0119 m. in. park linowy <a href=\"https:\/\/www.parklinowygorzno.pl\/\">https:\/\/www.parklinowygorzno.pl\/<\/a> , jak r\u00f3wnie\u017c strze\u017cona pla\u017ca, wyposa\u017cona w toalety, przebieralnie oraz wypo\u017cyczalni\u0119 sprz\u0119tu wodnego: <a href=\"https:\/\/www.gorzno.pl\/turystyka\/atrakcje-turystyczne\/\">https:\/\/www.gorzno.pl\/turystyka\/atrakcje-turystyczne\/<\/a> . <\/p>\n\n\n\n<figure class=\"wp-block-image size-large\"><img loading=\"lazy\" decoding=\"async\" width=\"1024\" height=\"683\" src=\"https:\/\/rekolekcjegorzno.pl\/wp-content\/uploads\/2026\/03\/DSC07900-1024x683.jpg\" alt=\"\" class=\"wp-image-618\" srcset=\"https:\/\/rekolekcjegorzno.pl\/wp-content\/uploads\/2026\/03\/DSC07900-1024x683.jpg 1024w, https:\/\/rekolekcjegorzno.pl\/wp-content\/uploads\/2026\/03\/DSC07900-300x200.jpg 300w, https:\/\/rekolekcjegorzno.pl\/wp-content\/uploads\/2026\/03\/DSC07900-768x512.jpg 768w, https:\/\/rekolekcjegorzno.pl\/wp-content\/uploads\/2026\/03\/DSC07900-1536x1024.jpg 1536w, https:\/\/rekolekcjegorzno.pl\/wp-content\/uploads\/2026\/03\/DSC07900-2048x1365.jpg 2048w, https:\/\/rekolekcjegorzno.pl\/wp-content\/uploads\/2026\/03\/DSC07900-1620x1080.jpg 1620w\" sizes=\"(max-width: 1024px) 100vw, 1024px\" \/><\/figure>\n","protected":false},"excerpt":{"rendered":"<p>G\u00f3rzno po\u0142o\u017cone jest na terenie G\u00f3rznie\u0144sko-Lidzbarskiego Parku Krajobrazowego obfituj\u0105cego w liczne atrakcje turystyczne, mi\u0119dzy innymi: Lidzbarsk\u0105 Kolej Drezynow\u0105, Zesp\u00f3\u0142 Wodno-Parkowy w Brzoziu, Ku\u017ani\u0119 w Zaborowie, wiosk\u0119 mydlarsk\u0105 we Fia\u0142kach, tor tubingowy w Ma\u0142ym Le\u017anie, m\u0142yn wodny nad Jeziorem Wapionka, liczne \u015bcie\u017cki i trasy turystyczne na terenie Parku. Wi\u0119cej informacji na ten temat: https:\/\/parki.kujawsko-pomorskie.pl\/glpk\/turystyka\/warto-zobaczyc . Na [&hellip;]<\/p>\n","protected":false},"author":1,"featured_media":254,"parent":0,"menu_order":0,"comment_status":"closed","ping_status":"closed","template":"","meta":{"saved_in_kubio":false,"footnotes":""},"class_list":["post-214","page","type-page","status-publish","has-post-thumbnail","hentry"],"kubio_ai_page_context":{"short_desc":"","purpose":"general"},"_links":{"self":[{"href":"https:\/\/rekolekcjegorzno.pl\/index.php\/wp-json\/wp\/v2\/pages\/214","targetHints":{"allow":["GET"]}}],"collection":[{"href":"https:\/\/rekolekcjegorzno.pl\/index.php\/wp-json\/wp\/v2\/pages"}],"about":[{"href":"https:\/\/rekolekcjegorzno.pl\/index.php\/wp-json\/wp\/v2\/types\/page"}],"author":[{"embeddable":true,"href":"https:\/\/rekolekcjegorzno.pl\/index.php\/wp-json\/wp\/v2\/users\/1"}],"replies":[{"embeddable":true,"href":"https:\/\/rekolekcjegorzno.pl\/index.php\/wp-json\/wp\/v2\/comments?post=214"}],"version-history":[{"count":9,"href":"https:\/\/rekolekcjegorzno.pl\/index.php\/wp-json\/wp\/v2\/pages\/214\/revisions"}],"predecessor-version":[{"id":622,"href":"https:\/\/rekolekcjegorzno.pl\/index.php\/wp-json\/wp\/v2\/pages\/214\/revisions\/622"}],"wp:featuredmedia":[{"embeddable":true,"href":"https:\/\/rekolekcjegorzno.pl\/index.php\/wp-json\/wp\/v2\/media\/254"}],"wp:attachment":[{"href":"https:\/\/rekolekcjegorzno.pl\/index.php\/wp-json\/wp\/v2\/media?parent=214"}],"curies":[{"name":"wp","href":"https:\/\/api.w.org\/{rel}","templated":true}]}}