{"id":212,"date":"2026-02-26T12:49:30","date_gmt":"2026-02-26T12:49:30","guid":{"rendered":"https:\/\/rekolekcjegorzno.pl\/?page_id=212"},"modified":"2026-03-05T16:43:58","modified_gmt":"2026-03-05T16:43:58","slug":"dojazd","status":"publish","type":"page","link":"https:\/\/rekolekcjegorzno.pl\/index.php\/dojazd\/","title":{"rendered":"Dojazd"},"content":{"rendered":"\n<div class=\"wp-block-group is-nowrap is-layout-flex wp-container-core-group-is-layout-6c531013 wp-block-group-is-layout-flex\">\n<p>Rekolekcje odbywaj\u0105 si\u0119 w G\u00f3rznie &#8211; mie\u015bcie, kt\u00f3rego <a href=\"https:\/\/www.gorzno.pl\/images\/pdf\/Teresa.pdf\" data-type=\"page\" data-id=\"275\">Patronk\u0105 od 2015 r. jest \u015bw. Teresa od Dzieci\u0105tka Jezus<\/a> \ud83d\ude07 Znajduje si\u0119 ono w wojew\u00f3dztwie kujawsko-pomorskim, w powiecie brodnickim.<\/p>\n<\/div>\n\n\n\n<p><a href=\"https:\/\/rekolekcjegorzno.pl\/#content-1-1-1\">Pole Namiotowe \u015bw. Teresy od Dzieci\u0105tka Jezus<\/a> znajduje si\u0119 w G\u00f3rznie przy ul. W\u0119dkarskiej, Plus Code: 6J2W+33 G\u00f3rzno<\/p>\n\n\n\n<p><a href=\"https:\/\/rekolekcjegorzno.pl\/#content-3-1-1\">Parafia Podwy\u017cszenia Krzy\u017ca \u015awi\u0119tego w G\u00f3rznie<\/a> zlokalizowana jest w G\u00f3rznie przy ul. Freta 1, Plus Code: 5JWW+HJ G\u00f3rzno<\/p>\n\n\n\n<p>Dojazd dla uczestnik\u00f3w rekolekcji nocuj\u0105cych na Polu namiotowym: z ul. 3 Maja zjazd w ul. Gajow\u0105, nast\u0119pnie w ul. Parkow\u0105, nast\u0119pnie ostry zakr\u0119t w prawo &#8211; w razie potrzeby prosimy o wcze\u015bniejsze info do <a href=\"https:\/\/rekolekcjegorzno.pl\/#content-1-1-2\" data-type=\"page\" data-id=\"101\">w\u0142a\u015bciciela Pola<\/a> w celu udzielenia pomocy w pokonaniu tego zakr\u0119tu przez kampery, przyczepy kempingowe \ud83d\ude09<\/p>\n\n\n\n<figure class=\"wp-block-image size-large\"><img loading=\"lazy\" decoding=\"async\" width=\"1024\" height=\"576\" src=\"https:\/\/rekolekcjegorzno.pl\/wp-content\/uploads\/2026\/02\/Mapa_Gorzno-1024x576.png\" alt=\"\" class=\"wp-image-281\" srcset=\"https:\/\/rekolekcjegorzno.pl\/wp-content\/uploads\/2026\/02\/Mapa_Gorzno-1024x576.png 1024w, https:\/\/rekolekcjegorzno.pl\/wp-content\/uploads\/2026\/02\/Mapa_Gorzno-300x169.png 300w, https:\/\/rekolekcjegorzno.pl\/wp-content\/uploads\/2026\/02\/Mapa_Gorzno-768x432.png 768w, https:\/\/rekolekcjegorzno.pl\/wp-content\/uploads\/2026\/02\/Mapa_Gorzno.png 1366w\" sizes=\"(max-width: 1024px) 100vw, 1024px\" \/><\/figure>\n\n\n\n<p><\/p>\n","protected":false},"excerpt":{"rendered":"<p>Rekolekcje odbywaj\u0105 si\u0119 w G\u00f3rznie &#8211; mie\u015bcie, kt\u00f3rego Patronk\u0105 od 2015 r. jest \u015bw. Teresa od Dzieci\u0105tka Jezus \ud83d\ude07 Znajduje si\u0119 ono w wojew\u00f3dztwie kujawsko-pomorskim, w powiecie brodnickim. Pole Namiotowe \u015bw. Teresy od Dzieci\u0105tka Jezus znajduje si\u0119 w G\u00f3rznie przy ul. W\u0119dkarskiej, Plus Code: 6J2W+33 G\u00f3rzno Parafia Podwy\u017cszenia Krzy\u017ca \u015awi\u0119tego w G\u00f3rznie zlokalizowana jest w [&hellip;]<\/p>\n","protected":false},"author":1,"featured_media":0,"parent":0,"menu_order":0,"comment_status":"closed","ping_status":"closed","template":"","meta":{"saved_in_kubio":false,"footnotes":""},"class_list":["post-212","page","type-page","status-publish","hentry"],"kubio_ai_page_context":{"short_desc":"","purpose":"general"},"_links":{"self":[{"href":"https:\/\/rekolekcjegorzno.pl\/index.php\/wp-json\/wp\/v2\/pages\/212","targetHints":{"allow":["GET"]}}],"collection":[{"href":"https:\/\/rekolekcjegorzno.pl\/index.php\/wp-json\/wp\/v2\/pages"}],"about":[{"href":"https:\/\/rekolekcjegorzno.pl\/index.php\/wp-json\/wp\/v2\/types\/page"}],"author":[{"embeddable":true,"href":"https:\/\/rekolekcjegorzno.pl\/index.php\/wp-json\/wp\/v2\/users\/1"}],"replies":[{"embeddable":true,"href":"https:\/\/rekolekcjegorzno.pl\/index.php\/wp-json\/wp\/v2\/comments?post=212"}],"version-history":[{"count":17,"href":"https:\/\/rekolekcjegorzno.pl\/index.php\/wp-json\/wp\/v2\/pages\/212\/revisions"}],"predecessor-version":[{"id":783,"href":"https:\/\/rekolekcjegorzno.pl\/index.php\/wp-json\/wp\/v2\/pages\/212\/revisions\/783"}],"wp:attachment":[{"href":"https:\/\/rekolekcjegorzno.pl\/index.php\/wp-json\/wp\/v2\/media?parent=212"}],"curies":[{"name":"wp","href":"https:\/\/api.w.org\/{rel}","templated":true}]}}