{"id":210,"date":"2026-02-26T12:49:15","date_gmt":"2026-02-26T12:49:15","guid":{"rendered":"https:\/\/rekolekcjegorzno.pl\/?page_id=210"},"modified":"2026-03-04T17:49:35","modified_gmt":"2026-03-04T17:49:35","slug":"wyzywienie","status":"publish","type":"page","link":"https:\/\/rekolekcjegorzno.pl\/index.php\/wyzywienie\/","title":{"rendered":"Wy\u017cywienie"},"content":{"rendered":"\n<p>Uczestnicy rekolekcji organizuj\u0105 wy\u017cywienie we w\u0142asnym zakresie.<\/p>\n\n\n\n<p>Osoby zakwaterowane na <a href=\"https:\/\/rekolekcjegorzno.pl\/#content-1-1-1\" data-type=\"page\" data-id=\"103\">Polu namiotowym \u015bw. Teresy od Dzieci\u0105tka Jezus<\/a> mog\u0105 korzysta\u0107 ze znajduj\u0105cego si\u0119 na tym Polu zaplecza kuchennego (kuchenki gazowe, lod\u00f3wki, grille, ogniska).<\/p>\n\n\n\n<p>Wszyscy uczestnicy rekolekcji maj\u0105 do dyspozycji  ofert\u0119 gastronomiczn\u0105 w G\u00f3rznie: <a href=\"https:\/\/www.gorzno.pl\/turystyka\/gastronomia\/\">https:\/\/www.gorzno.pl\/turystyka\/gastronomia\/<\/a>, polecamy r\u00f3wnie\u017c tutejsz\u0105 pizzeri\u0119 <a href=\"https:\/\/www.facebook.com\/Amoremiogorzno\/\">Amore Mio<\/a> \ud83d\ude42 <\/p>\n\n\n\n<p><\/p>\n","protected":false},"excerpt":{"rendered":"<p>Uczestnicy rekolekcji organizuj\u0105 wy\u017cywienie we w\u0142asnym zakresie. Osoby zakwaterowane na Polu namiotowym \u015bw. Teresy od Dzieci\u0105tka Jezus mog\u0105 korzysta\u0107 ze znajduj\u0105cego si\u0119 na tym Polu zaplecza kuchennego (kuchenki gazowe, lod\u00f3wki, grille, ogniska). Wszyscy uczestnicy rekolekcji maj\u0105 do dyspozycji ofert\u0119 gastronomiczn\u0105 w G\u00f3rznie: https:\/\/www.gorzno.pl\/turystyka\/gastronomia\/, polecamy r\u00f3wnie\u017c tutejsz\u0105 pizzeri\u0119 Amore Mio \ud83d\ude42<\/p>\n","protected":false},"author":1,"featured_media":0,"parent":0,"menu_order":0,"comment_status":"closed","ping_status":"closed","template":"","meta":{"saved_in_kubio":false,"footnotes":""},"class_list":["post-210","page","type-page","status-publish","hentry"],"kubio_ai_page_context":{"short_desc":"","purpose":"general"},"_links":{"self":[{"href":"https:\/\/rekolekcjegorzno.pl\/index.php\/wp-json\/wp\/v2\/pages\/210","targetHints":{"allow":["GET"]}}],"collection":[{"href":"https:\/\/rekolekcjegorzno.pl\/index.php\/wp-json\/wp\/v2\/pages"}],"about":[{"href":"https:\/\/rekolekcjegorzno.pl\/index.php\/wp-json\/wp\/v2\/types\/page"}],"author":[{"embeddable":true,"href":"https:\/\/rekolekcjegorzno.pl\/index.php\/wp-json\/wp\/v2\/users\/1"}],"replies":[{"embeddable":true,"href":"https:\/\/rekolekcjegorzno.pl\/index.php\/wp-json\/wp\/v2\/comments?post=210"}],"version-history":[{"count":7,"href":"https:\/\/rekolekcjegorzno.pl\/index.php\/wp-json\/wp\/v2\/pages\/210\/revisions"}],"predecessor-version":[{"id":675,"href":"https:\/\/rekolekcjegorzno.pl\/index.php\/wp-json\/wp\/v2\/pages\/210\/revisions\/675"}],"wp:attachment":[{"href":"https:\/\/rekolekcjegorzno.pl\/index.php\/wp-json\/wp\/v2\/media?parent=210"}],"curies":[{"name":"wp","href":"https:\/\/api.w.org\/{rel}","templated":true}]}}