{"id":208,"date":"2026-02-26T12:48:42","date_gmt":"2026-02-26T12:48:42","guid":{"rendered":"https:\/\/rekolekcjegorzno.pl\/?page_id=208"},"modified":"2026-02-27T17:29:18","modified_gmt":"2026-02-27T17:29:18","slug":"noclegi","status":"publish","type":"page","link":"https:\/\/rekolekcjegorzno.pl\/index.php\/noclegi\/","title":{"rendered":"Noclegi"},"content":{"rendered":"\n<p>Uczestnicy rekolekcji wyposa\u017ceni w namioty, przyczepy kempingowe lub kampery nocuj\u0105 na <a href=\"https:\/\/rekolekcjegorzno.pl\/#content-1-1-1\" data-type=\"page\" data-id=\"103\">Polu Namiotowym \u015bw. Teresy od Dzieci\u0105tka Jezus w G\u00f3rznie<\/a>.<\/p>\n\n\n\n<p>Inni uczestnicy mog\u0105 skorzysta\u0107 z dost\u0119pnej w G\u00f3rznie bazy noclegowej: <a href=\"https:\/\/www.gorzno.pl\/turystyka\/noclegi\/\">https:\/\/www.gorzno.pl\/turystyka\/noclegi\/<\/a><\/p>\n\n\n\n<p><\/p>\n\n\n\n<p><\/p>\n","protected":false},"excerpt":{"rendered":"<p>Uczestnicy rekolekcji wyposa\u017ceni w namioty, przyczepy kempingowe lub kampery nocuj\u0105 na Polu Namiotowym \u015bw. Teresy od Dzieci\u0105tka Jezus w G\u00f3rznie. Inni uczestnicy mog\u0105 skorzysta\u0107 z dost\u0119pnej w G\u00f3rznie bazy noclegowej: https:\/\/www.gorzno.pl\/turystyka\/noclegi\/<\/p>\n","protected":false},"author":1,"featured_media":0,"parent":0,"menu_order":0,"comment_status":"closed","ping_status":"closed","template":"","meta":{"saved_in_kubio":false,"footnotes":""},"class_list":["post-208","page","type-page","status-publish","hentry"],"kubio_ai_page_context":{"short_desc":"","purpose":"general"},"_links":{"self":[{"href":"https:\/\/rekolekcjegorzno.pl\/index.php\/wp-json\/wp\/v2\/pages\/208","targetHints":{"allow":["GET"]}}],"collection":[{"href":"https:\/\/rekolekcjegorzno.pl\/index.php\/wp-json\/wp\/v2\/pages"}],"about":[{"href":"https:\/\/rekolekcjegorzno.pl\/index.php\/wp-json\/wp\/v2\/types\/page"}],"author":[{"embeddable":true,"href":"https:\/\/rekolekcjegorzno.pl\/index.php\/wp-json\/wp\/v2\/users\/1"}],"replies":[{"embeddable":true,"href":"https:\/\/rekolekcjegorzno.pl\/index.php\/wp-json\/wp\/v2\/comments?post=208"}],"version-history":[{"count":9,"href":"https:\/\/rekolekcjegorzno.pl\/index.php\/wp-json\/wp\/v2\/pages\/208\/revisions"}],"predecessor-version":[{"id":569,"href":"https:\/\/rekolekcjegorzno.pl\/index.php\/wp-json\/wp\/v2\/pages\/208\/revisions\/569"}],"wp:attachment":[{"href":"https:\/\/rekolekcjegorzno.pl\/index.php\/wp-json\/wp\/v2\/media?parent=208"}],"curies":[{"name":"wp","href":"https:\/\/api.w.org\/{rel}","templated":true}]}}