{"id":205,"date":"2026-02-26T12:46:23","date_gmt":"2026-02-26T12:46:23","guid":{"rendered":"https:\/\/rekolekcjegorzno.pl\/?page_id=205"},"modified":"2026-04-18T14:32:38","modified_gmt":"2026-04-18T14:32:38","slug":"koszty","status":"publish","type":"page","link":"https:\/\/rekolekcjegorzno.pl\/index.php\/koszty\/","title":{"rendered":"Koszty"},"content":{"rendered":"\n<p>Sk\u0142adka organizacyjna z tytu\u0142u udzia\u0142u w rekolekcjach w dniach 26-30 sierpnia 2026 r. obejmuje:<\/p>\n\n\n\n<p>1) sk\u0142adk\u0119 organizacyjn\u0105 og\u00f3ln\u0105 w wysoko\u015bci 150 z\u0142 za udzia\u0142 ka\u017cdej doros\u0142ej osoby uczestnicz\u0105cej w konferencjach i\/lub                                       <\/p>\n\n\n\n<p>2) sk\u0142adk\u0119 organizacyjn\u0105 z tytu\u0142u katechizacji i opieki nad dzie\u0107mi w wysoko\u015bci 100 z\u0142 za ka\u017cde dziecko w wieku od 6 do 14 lat.<\/p>\n\n\n\n<p>p\u0142atn\u0105 na numer konta bankowego:<mark style=\"background-color:rgba(var(--kubio-color-5), 1)\" class=\"has-inline-color\"><strong> &#8230;&#8230;&#8230;&#8230;&#8230;&#8230;&#8230;&#8230;&#8230;&#8230;&#8230;&#8230;&#8230;&#8230;&#8230;&#8230;&#8230;&#8230;&#8230;<\/strong><\/mark> (<em><strong>numer konta zostanie wskazany niezw\u0142ocznie po zarejestrowaniu Stowarzyszenia &#8222;Wszystko jest \u0142ask\u0105&#8221; im. \u015bw. Teresy od Dzieci\u0105tka Jezus i po za\u0142o\u017ceniu konta bankowego Stowarzyszenia<\/strong><\/em>) <strong>w terminie<\/strong> 7 dni od dokonania zapisu na rekolekcje\/<strong>7 dni od dnia poinformowania przez Stowarzyszenie uczestnika rekolekcji o numerze konta bankowego Stowarzyszenia<\/strong>.<\/p>\n\n\n\n<p>W tytule przelewu prosimy o wpisanie: &#8222;Rekolekcje 2026&#8221;, nast\u0119pnie nazwisko uczestnik\u00f3w (np. &#8222;Kowalski&#8221;), nast\u0119pnie liczb\u0119 oznaczaj\u0105c\u0105 ilo\u015b\u0107 os\u00f3b doros\u0142ych uczestnicz\u0105cych w konferencjach, nast\u0119pnie po przecinku liczb\u0119 oznaczaj\u0105c\u0105 ilo\u015b\u0107 dzieci uczestnicz\u0105cych w rekolekcjach obj\u0119tych opiek\u0105 Si\u00f3str Terezjanek, na przyk\u0142ad: &#8222;Rekolekcje 2026, Kowalscy, 2, 3&#8221; (<em><strong>numer konta zostanie wskazany niezw\u0142ocznie po zarejestrowaniu Stowarzyszenia \u201eWszystko jest \u0142ask\u0105\u201d im. \u015bw. Teresy od Dzieci\u0105tka Jezus i po za\u0142o\u017ceniu konta bankowego Stowarzyszenia<\/strong><\/em>). <\/p>\n\n\n\n<p>P\u0142atno\u015b\u0107 za noclegi i\/lub wy\u017cywienie uczestnik\u00f3w rekolekcji p\u0142atne s\u0105 bezpo\u015brednio u podmiot\u00f3w zapewniaj\u0105cych noclegi (<a href=\"https:\/\/rekolekcjegorzno.pl\/index.php\/noclegi\/\">https:\/\/rekolekcjegorzno.pl\/index.php\/noclegi\/<\/a>) i\/lub wy\u017cywienie (<a href=\"https:\/\/rekolekcjegorzno.pl\/index.php\/wyzywienie\/\">https:\/\/rekolekcjegorzno.pl\/index.php\/wyzywienie\/<\/a>). <\/p>\n\n\n\n<p>Regulamin rekolekcji 2026 dost\u0119pny jest tutaj: <a href=\"https:\/\/rekolekcjegorzno.pl\/index.php\/regulamin-rekolekcji-2026\/\">https:\/\/rekolekcjegorzno.pl\/index.php\/regulamin-rekolekcji-2026\/<\/a> (<em><strong>zostanie zaktualizowany o numer konta bankowego niezw\u0142ocznie po zarejestrowaniu Stowarzyszenia \u201eWszystko jest \u0142ask\u0105\u201d im. \u015bw. Teresy od Dzieci\u0105tka Jezus i po za\u0142o\u017ceniu konta bankowego Stowarzyszenia<\/strong><\/em>).<\/p>\n\n\n\n<p><\/p>\n","protected":false},"excerpt":{"rendered":"<p>Sk\u0142adka organizacyjna z tytu\u0142u udzia\u0142u w rekolekcjach w dniach 26-30 sierpnia 2026 r. obejmuje: 1) sk\u0142adk\u0119 organizacyjn\u0105 og\u00f3ln\u0105 w wysoko\u015bci 150 z\u0142 za udzia\u0142 ka\u017cdej doros\u0142ej osoby uczestnicz\u0105cej w konferencjach i\/lub 2) sk\u0142adk\u0119 organizacyjn\u0105 z tytu\u0142u katechizacji i opieki nad dzie\u0107mi w wysoko\u015bci 100 z\u0142 za ka\u017cde dziecko w wieku od 6 do 14 lat. [&hellip;]<\/p>\n","protected":false},"author":1,"featured_media":0,"parent":0,"menu_order":0,"comment_status":"closed","ping_status":"closed","template":"","meta":{"saved_in_kubio":false,"footnotes":""},"class_list":["post-205","page","type-page","status-publish","hentry"],"kubio_ai_page_context":{"short_desc":"","purpose":"general"},"_links":{"self":[{"href":"https:\/\/rekolekcjegorzno.pl\/index.php\/wp-json\/wp\/v2\/pages\/205","targetHints":{"allow":["GET"]}}],"collection":[{"href":"https:\/\/rekolekcjegorzno.pl\/index.php\/wp-json\/wp\/v2\/pages"}],"about":[{"href":"https:\/\/rekolekcjegorzno.pl\/index.php\/wp-json\/wp\/v2\/types\/page"}],"author":[{"embeddable":true,"href":"https:\/\/rekolekcjegorzno.pl\/index.php\/wp-json\/wp\/v2\/users\/1"}],"replies":[{"embeddable":true,"href":"https:\/\/rekolekcjegorzno.pl\/index.php\/wp-json\/wp\/v2\/comments?post=205"}],"version-history":[{"count":21,"href":"https:\/\/rekolekcjegorzno.pl\/index.php\/wp-json\/wp\/v2\/pages\/205\/revisions"}],"predecessor-version":[{"id":896,"href":"https:\/\/rekolekcjegorzno.pl\/index.php\/wp-json\/wp\/v2\/pages\/205\/revisions\/896"}],"wp:attachment":[{"href":"https:\/\/rekolekcjegorzno.pl\/index.php\/wp-json\/wp\/v2\/media?parent=205"}],"curies":[{"name":"wp","href":"https:\/\/api.w.org\/{rel}","templated":true}]}}